{"id":473,"date":"2021-11-18T09:52:17","date_gmt":"2021-11-18T08:52:17","guid":{"rendered":"https:\/\/cnftacademy.com\/?page_id=473"},"modified":"2022-03-21T10:29:22","modified_gmt":"2022-03-21T09:29:22","slug":"faq","status":"publish","type":"page","link":"https:\/\/cnftacademy.com\/it\/faq\/","title":{"rendered":"Faq"},"content":{"rendered":"<p>[et_pb_section fb_built=&#8221;1&#8243; custom_padding_last_edited=&#8221;on|phone&#8221; _builder_version=&#8221;4.9.1&#8243; _module_preset=&#8221;default&#8221; background_image=&#8221;https:\/\/cnftacademy.com\/wp-content\/uploads\/2021\/10\/sfondo-cnftacademy.jpg&#8221; parallax=&#8221;on&#8221; parallax_method=&#8221;off&#8221; custom_padding=&#8221;85px||200px||false|false&#8221; custom_padding_tablet=&#8221;90px||210px||false|false&#8221; custom_padding_phone=&#8221;75px||||false|false&#8221; global_colors_info=&#8221;{}&#8221;][et_pb_row _builder_version=&#8221;4.9.1&#8243; _module_preset=&#8221;default&#8221; custom_padding=&#8221;0px||0px|||&#8221; global_colors_info=&#8221;{}&#8221;][et_pb_column type=&#8221;4_4&#8243; _builder_version=&#8221;4.9.1&#8243; _module_preset=&#8221;default&#8221; global_colors_info=&#8221;{}&#8221;][et_pb_text _builder_version=&#8221;4.13.1&#8243; _module_preset=&#8221;default&#8221; header_font_size=&#8221;50px&#8221; background_layout=&#8221;dark&#8221; custom_margin=&#8221;||11px|||&#8221; hover_enabled=&#8221;0&#8243; header_font_size_tablet=&#8221;40px&#8221; header_font_size_phone=&#8221;32px&#8221; header_font_size_last_edited=&#8221;on|phone&#8221; global_colors_info=&#8221;{}&#8221; sticky_enabled=&#8221;0&#8243;]<\/p>\n<h1>Nodo Cardano: tutto quello che c\u2019\u00e8 da sapere<\/h1>\n<p>[\/et_pb_text][\/et_pb_column][\/et_pb_row][\/et_pb_section][et_pb_section fb_built=&#8221;1&#8243; _builder_version=&#8221;4.9.1&#8243; _module_preset=&#8221;default&#8221; custom_padding=&#8221;||110px|||&#8221; global_colors_info=&#8221;{}&#8221;][et_pb_row custom_padding_last_edited=&#8221;on|phone&#8221; _builder_version=&#8221;4.9.1&#8243; _module_preset=&#8221;default&#8221; background_color=&#8221;gcid-358e3293-c065-4fb7-94bb-04b5cd4487f4&#8243; width_tablet=&#8221;&#8221; width_phone=&#8221;95%&#8221; width_last_edited=&#8221;on|phone&#8221; custom_margin=&#8221;-210px||||false|false&#8221; custom_margin_tablet=&#8221;&#8221; custom_margin_phone=&#8221;&#8221; custom_margin_last_edited=&#8221;on|desktop&#8221; custom_padding=&#8221;80px|80px|80px|80px|true|true&#8221; custom_padding_tablet=&#8221;60px|30px|60px|30px|true|true&#8221; custom_padding_phone=&#8221;40px|20px|40px|20px|true|true&#8221; border_radii=&#8221;on|20px|20px|20px|20px&#8221; box_shadow_style=&#8221;preset3&#8243; box_shadow_blur=&#8221;5px&#8221; box_shadow_spread=&#8221;-8px&#8221; global_colors_info=&#8221;{%22gcid-358e3293-c065-4fb7-94bb-04b5cd4487f4%22:%91%22background_color%22%93}&#8221;][et_pb_column type=&#8221;4_4&#8243; _builder_version=&#8221;4.9.1&#8243; _module_preset=&#8221;default&#8221; global_colors_info=&#8221;{}&#8221;][et_pb_text _builder_version=&#8221;4.13.1&#8243; _module_preset=&#8221;default&#8221; header_2_font_size=&#8221;40px&#8221; custom_margin=&#8221;||10px|||&#8221; hover_enabled=&#8221;0&#8243; header_2_font_size_tablet=&#8221;32px&#8221; header_2_font_size_phone=&#8221;28px&#8221; header_2_font_size_last_edited=&#8221;on|phone&#8221; global_colors_info=&#8221;{}&#8221; sticky_enabled=&#8221;0&#8243;]<\/p>\n<h2>Cos\u2019\u00e8 un nodo Cardano?<\/h2>\n<p>[\/et_pb_text][et_pb_text _builder_version=&#8221;4.13.1&#8243; _module_preset=&#8221;default&#8221; custom_margin=&#8221;||60px|||&#8221; hover_enabled=&#8221;0&#8243; global_colors_info=&#8221;{}&#8221; sticky_enabled=&#8221;0&#8243;]<\/p>\n<p><strong>Il nodo Cardano \u00e8 un gate che serve per interagire con la blockchain Cardano<\/strong>. Pu\u00f2 essere usato per creare un wallet, inviare ADA, mintare NFT e interagire con smart contract. Puoi eseguire un nodo cardano in VPS e usarlo ogni volta che ne hai bisogno.<\/p>\n<p>Permettimi di condividere con te la mia esperienza e i trucchi per evitare gli errori pi\u00f9 comuni che possono farti perdere tempo prezioso.<\/p>\n<p>[\/et_pb_text][et_pb_text _builder_version=&#8221;4.13.1&#8243; _module_preset=&#8221;default&#8221; header_2_font_size=&#8221;40px&#8221; custom_margin=&#8221;||10px|||&#8221; hover_enabled=&#8221;0&#8243; header_2_font_size_tablet=&#8221;32px&#8221; header_2_font_size_phone=&#8221;28px&#8221; header_2_font_size_last_edited=&#8221;on|phone&#8221; global_colors_info=&#8221;{}&#8221; sticky_enabled=&#8221;0&#8243;]<\/p>\n<h2><b>Cos&#8217;\u00e8 un NFT?<\/b><\/h2>\n<p>[\/et_pb_text][et_pb_text _builder_version=&#8221;4.13.1&#8243; _module_preset=&#8221;default&#8221; custom_margin=&#8221;||60px|||&#8221; hover_enabled=&#8221;0&#8243; global_colors_info=&#8221;{}&#8221; sticky_enabled=&#8221;0&#8243;]<\/p>\n<p><strong>Il mio obiettivo \u00e8 spiegarti che significa NFT, ma anche come funziona un NFT in poche parole.<\/strong><\/p>\n<p>Bene, un non-fungible token (NFT, in italiano \u201ctoken non fungibile\u201d) \u00e8 un\u2019unit\u00e0 di dati unica e non intercambiabile, conservata nella blockchain.<\/p>\n<p>Gli NFT possono essere usati per rappresentare cose facilmente riproducibili, come foto, video e audio, ma anche altri tipi di file digitali unici (comparabili a un certificato di autenticit\u00e0). La tecnologia blockchain si pu\u00f2 quindi usare per verificare pubblicamente la propriet\u00e0 di qualcosa.<\/p>\n<p>[\/et_pb_text][et_pb_text _builder_version=&#8221;4.13.1&#8243; _module_preset=&#8221;default&#8221; header_2_font_size=&#8221;40px&#8221; custom_margin=&#8221;||10px|||&#8221; hover_enabled=&#8221;0&#8243; header_2_font_size_tablet=&#8221;32px&#8221; header_2_font_size_phone=&#8221;28px&#8221; header_2_font_size_last_edited=&#8221;on|phone&#8221; global_colors_info=&#8221;{}&#8221; sticky_enabled=&#8221;0&#8243;]<\/p>\n<h2>Perch\u00e9 comprare un nft se posso scaricarlo?<\/h2>\n<p>[\/et_pb_text][et_pb_text _builder_version=&#8221;4.13.1&#8243; _module_preset=&#8221;default&#8221; custom_margin=&#8221;||60px|||&#8221; hover_enabled=&#8221;0&#8243; global_colors_info=&#8221;{}&#8221; sticky_enabled=&#8221;0&#8243;]<\/p>\n<p>Scaricando il file non potrai copiare la firma digitale e venderlo o provarne la propriet\u00e0.<\/p>\n<p><strong>\u00c8 la tecnologia blockchain che ne assegna la propriet\u00e0, senza terze parti, in modo completamente decentralizzato.<\/strong><\/p>\n<p>[\/et_pb_text][et_pb_text _builder_version=&#8221;4.13.1&#8243; _module_preset=&#8221;default&#8221; header_2_font_size=&#8221;40px&#8221; custom_margin=&#8221;||10px|||&#8221; hover_enabled=&#8221;0&#8243; header_2_font_size_tablet=&#8221;32px&#8221; header_2_font_size_phone=&#8221;28px&#8221; header_2_font_size_last_edited=&#8221;on|phone&#8221; global_colors_info=&#8221;{}&#8221; sticky_enabled=&#8221;0&#8243;]<\/p>\n<h2>Cos\u2019\u00e8 lo staking di cardano e come funziona?<\/h2>\n<p>[\/et_pb_text][et_pb_text _builder_version=&#8221;4.13.1&#8243; _module_preset=&#8221;default&#8221; custom_margin=&#8221;||60px|||&#8221; hover_enabled=&#8221;0&#8243; global_colors_info=&#8221;{}&#8221; sticky_enabled=&#8221;0&#8243;]<\/p>\n<p>In base a quanti ADA si possiedono, chiunque pu\u00f2 partecipare alla scrittura della blockchain Cardano. <strong>Pi\u00f9 ADA hai, pi\u00f9 blocchi potrai validare. <\/strong>Come incentivo alla partecipazione dei proprietari di ADA, ogni blocco validato ti d\u00e0 diritto a una ricompensa (in ADA).<\/p>\n<p>[\/et_pb_text][et_pb_text _builder_version=&#8221;4.13.1&#8243; _module_preset=&#8221;default&#8221; header_2_font_size=&#8221;40px&#8221; custom_margin=&#8221;||10px|||&#8221; hover_enabled=&#8221;0&#8243; header_2_font_size_tablet=&#8221;32px&#8221; header_2_font_size_phone=&#8221;28px&#8221; header_2_font_size_last_edited=&#8221;on|phone&#8221; global_colors_info=&#8221;{}&#8221; sticky_enabled=&#8221;0&#8243;]<\/p>\n<h2>Cosa vuol dire delegare ADA? Wallet Daedalus &amp; Protocollo Ouroboros<\/h2>\n<p>[\/et_pb_text][et_pb_text _builder_version=&#8221;4.13.1&#8243; _module_preset=&#8221;default&#8221; custom_margin=&#8221;||60px|||&#8221; hover_enabled=&#8221;0&#8243; global_colors_info=&#8221;{}&#8221; sticky_enabled=&#8221;0&#8243;]<\/p>\n<p>Per essere selezionati per la validazione di un blocco, puoi eseguire un nodo con una blockchain completamente sincronizzata e delegare l\u00ec i tuoi ADA. Ci\u00f2 \u00e8 possibile, ad esempio, usando un wallet Daedalus. Pi\u00f9 ADA deleghi, pi\u00f9 alta \u00e8 la possibilit\u00e0 che il tuo wallet sia selezionato dal protocollo Ouroboros per validare il blocco. <strong>La delega \u00e8 una cessione dei diritti a mintare blocchi con il tuo ADA<\/strong>. La cosa pi\u00f9 importante \u00e8 mantenere il controllo dei capitali: dipendono sempre da te, stai solo cedendo la possibilit\u00e0 di usare il loro potere di validazione.<\/p>\n<p>[\/et_pb_text][et_pb_text _builder_version=&#8221;4.13.1&#8243; _module_preset=&#8221;default&#8221; header_2_font_size=&#8221;40px&#8221; custom_margin=&#8221;||10px|||&#8221; hover_enabled=&#8221;0&#8243; header_2_font_size_tablet=&#8221;32px&#8221; header_2_font_size_phone=&#8221;28px&#8221; header_2_font_size_last_edited=&#8221;on|phone&#8221; global_colors_info=&#8221;{}&#8221; sticky_enabled=&#8221;0&#8243;]<\/p>\n<h2>Cos\u2019\u00e8 un nodo Cardano \u201cStake Pool&#8221;?<\/h2>\n<p>[\/et_pb_text][et_pb_text _builder_version=&#8221;4.13.1&#8243; _module_preset=&#8221;default&#8221; custom_margin=&#8221;||60px|||&#8221; hover_enabled=&#8221;0&#8243; global_colors_info=&#8221;{}&#8221; sticky_enabled=&#8221;0&#8243;]<\/p>\n<p><strong>Una stake pool \u00e8 un nodo Cardano sincronizzato che corrisponde all\u2019ammontare degli ADA delegati da un gruppo di persone.<\/strong> Chiunque pu\u00f2 partecipare in una stake pool gi\u00e0 esistente o pu\u00f2 creare la propria. Le stake pool sono utili perch\u00e9 aumentano la possibilit\u00e0 di essere selezionato per validare un blocco, in quanto permettono di delegare pi\u00f9 ADA. Normalmente, un gruppo di delegatori\u2013 attori, delegati dalla pool \u2013 viene creato automaticamente ed \u00e8 riunito sotto lo stesso brand.<\/p>\n<p>[\/et_pb_text][\/et_pb_column][\/et_pb_row][\/et_pb_section]<\/p>\n","protected":false},"excerpt":{"rendered":"<p>Nodo Cardano: tutto quello che c\u2019\u00e8 da sapereCos\u2019\u00e8 un nodo Cardano?Il nodo Cardano \u00e8 un gate che serve per interagire con la blockchain Cardano. Pu\u00f2 essere usato per creare un wallet, inviare ADA, mintare NFT e interagire con smart contract. Puoi eseguire un nodo cardano in VPS e usarlo ogni volta che ne hai bisogno. [&hellip;]<\/p>\n","protected":false},"author":1,"featured_media":0,"parent":0,"menu_order":5,"comment_status":"closed","ping_status":"closed","template":"","meta":{"_et_pb_use_builder":"on","_et_pb_old_content":"<p>[et_pb_section fb_built=\"1\" custom_padding_last_edited=\"on|phone\" _builder_version=\"4.9.1\" _module_preset=\"default\" background_image=\"https:\/\/cnftacademy.com\/wp-content\/uploads\/2021\/10\/sfondo-cnftacademy.jpg\" parallax=\"on\" parallax_method=\"off\" custom_padding=\"85px||200px||false|false\" custom_padding_tablet=\"90px||210px||false|false\" custom_padding_phone=\"75px||||false|false\" global_colors_info=\"{}\"][et_pb_row _builder_version=\"4.9.1\" _module_preset=\"default\" custom_padding=\"0px||0px|||\" global_colors_info=\"{}\"][et_pb_column type=\"4_4\" _builder_version=\"4.9.1\" _module_preset=\"default\" global_colors_info=\"{}\"][et_pb_text _builder_version=\"4.9.1\" _module_preset=\"default\" header_font_size=\"50px\" background_layout=\"dark\" custom_margin=\"||11px|||\" header_font_size_tablet=\"40px\" header_font_size_phone=\"32px\" header_font_size_last_edited=\"on|phone\" global_colors_info=\"{}\"]<\/p><h1>Your first day in Cardano? Let\u2019s see together how to create a Wallet and stake your ADA<\/h1><p>[\/et_pb_text][\/et_pb_column][\/et_pb_row][\/et_pb_section][et_pb_section fb_built=\"1\" _builder_version=\"4.9.1\" _module_preset=\"default\" custom_padding=\"||110px|||\" global_colors_info=\"{}\"][et_pb_row custom_padding_last_edited=\"on|phone\" _builder_version=\"4.9.1\" _module_preset=\"default\" background_color=\"gcid-358e3293-c065-4fb7-94bb-04b5cd4487f4\" width_tablet=\"\" width_phone=\"95%\" width_last_edited=\"on|phone\" custom_margin=\"-210px||||false|false\" custom_margin_tablet=\"\" custom_margin_phone=\"\" custom_margin_last_edited=\"on|desktop\" custom_padding=\"80px|80px|80px|80px|true|true\" custom_padding_tablet=\"60px|30px|60px|30px|true|true\" custom_padding_phone=\"40px|20px|40px|20px|true|true\" border_radii=\"on|20px|20px|20px|20px\" box_shadow_style=\"preset3\" box_shadow_blur=\"5px\" box_shadow_spread=\"-8px\" global_colors_info=\"{%22gcid-358e3293-c065-4fb7-94bb-04b5cd4487f4%22:%91%22background_color%22%93}\"][et_pb_column type=\"4_4\" _builder_version=\"4.9.1\" _module_preset=\"default\" global_colors_info=\"{}\"][et_pb_text _builder_version=\"4.9.1\" _module_preset=\"default\" header_2_font_size=\"40px\" custom_margin=\"||10px|||\" header_2_font_size_tablet=\"32px\" header_2_font_size_phone=\"28px\" header_2_font_size_last_edited=\"on|phone\" global_colors_info=\"{}\"]<\/p><h2><b>What is a Cardano Node?<\/b><\/h2><p>[\/et_pb_text][et_pb_text _builder_version=\"4.9.1\" _module_preset=\"default\" custom_margin=\"||60px|||\" global_colors_info=\"{}\"]<\/p><p><span style=\"font-weight: 400;\"><strong>Cardano node is a gate to interact with Cardano blockchain.<\/strong> It can be used to create a wallet, send ADA, mint NFTs and interact with smart contracts.<\/span><\/p><p><span style=\"font-weight: 400;\">You can run a cardano node in a VPS and use it whenever you need 7\/7 24\/24, let me share with you my experience and how to avoid common mistakes that could make you lose precious time.<\/span><\/p><p>[\/et_pb_text][et_pb_text _builder_version=\"4.9.1\" _module_preset=\"default\" header_2_font_size=\"40px\" custom_margin=\"||10px|||\" header_2_font_size_tablet=\"32px\" header_2_font_size_phone=\"28px\" header_2_font_size_last_edited=\"on|phone\" global_colors_info=\"{}\"]<\/p><h2><b>What is an NFT?<\/b><\/h2><p>[\/et_pb_text][et_pb_text _builder_version=\"4.9.1\" _module_preset=\"default\" custom_margin=\"||60px|||\" global_colors_info=\"{}\"]<\/p><p><strong>A non-fungible token (NFT) is a unique and non-interchangeable unit of data stored on the blockchain.<\/strong><\/p><p><span style=\"font-weight: 400;\">NFTs can be used to represent easily-reproducible items such as photos, videos, audio, and other types of digital files as unique items (analogous to a certificate of authenticity), and<strong> use blockchain technology to establish a verified and public proof of ownership.<\/strong><\/span><\/p><p>[\/et_pb_text][et_pb_text _builder_version=\"4.9.1\" _module_preset=\"default\" header_2_font_size=\"40px\" custom_margin=\"||10px|||\" header_2_font_size_tablet=\"32px\" header_2_font_size_phone=\"28px\" header_2_font_size_last_edited=\"on|phone\" global_colors_info=\"{}\"]<\/p><h2>Why should I buy an NFT if I can just download the file?<\/h2><p>[\/et_pb_text][et_pb_text _builder_version=\"4.9.1\" _module_preset=\"default\" custom_margin=\"||60px|||\" global_colors_info=\"{}\"]<\/p><p><span style=\"font-weight: 400;\">Even if you can download the file you will not be able to copy the digital signature and sell it or prove the ownership.<\/span><\/p><p><strong>Blockchain is the one granting the ownership, no third parties, completely decentralized.<\/strong><\/p><p>[\/et_pb_text][et_pb_text _builder_version=\"4.9.1\" _module_preset=\"default\" header_2_font_size=\"40px\" custom_margin=\"||10px|||\" header_2_font_size_tablet=\"32px\" header_2_font_size_phone=\"28px\" header_2_font_size_last_edited=\"on|phone\" global_colors_info=\"{}\"]<\/p><h2><b>What is staking?\u200b<\/b><\/h2><p>[\/et_pb_text][et_pb_text _builder_version=\"4.9.1\" _module_preset=\"default\" custom_margin=\"||60px|||\" global_colors_info=\"{}\"]<\/p><p><span style=\"font-weight: 400;\">Anyone with ADA can participate in writing the Cardano blockchain, in proportion to the quantity of ADA held.<strong> The more ADA you have, the more blocks you will be asked to sign<\/strong>. As an incentive for ADA holders to participate, each signed block entitles you to a reward (in ADA).<\/span><\/p><p>[\/et_pb_text][et_pb_text _builder_version=\"4.9.1\" _module_preset=\"default\" header_2_font_size=\"40px\" custom_margin=\"||10px|||\" header_2_font_size_tablet=\"32px\" header_2_font_size_phone=\"28px\" header_2_font_size_last_edited=\"on|phone\" global_colors_info=\"{}\"]<\/p><h2><b>What is delegating?<\/b><\/h2><p>[\/et_pb_text][et_pb_text _builder_version=\"4.9.1\" _module_preset=\"default\" custom_margin=\"||60px|||\" global_colors_info=\"{}\"]<\/p><p><span style=\"font-weight: 400;\">In order to be selected to sign a block, one should run a node with a fully synchronised blockchain and stake their ADA in it. For instance, this is possible by using a Daedalus wallet. The more ADA is being staked, the higher is the chance that this wallet will be selected by the Ouroboros protocol to sign the block. <strong>Delegation is an act of handing over the rights to mint the blocks with your ADA.<\/strong> What is very important here is that you never give up control of the assets: they always stay with you, all you are doing is giving the right to use its signing power.<\/span><\/p><p>[\/et_pb_text][et_pb_text _builder_version=\"4.9.1\" _module_preset=\"default\" header_2_font_size=\"40px\" custom_margin=\"||10px|||\" header_2_font_size_tablet=\"32px\" header_2_font_size_phone=\"28px\" header_2_font_size_last_edited=\"on|phone\" global_colors_info=\"{}\"]<\/p><h2><b>What is a Staking pool?<\/b><\/h2><p>[\/et_pb_text][et_pb_text _builder_version=\"4.9.1\" _module_preset=\"default\" custom_margin=\"||60px|||\" global_colors_info=\"{}\"]<\/p><p><span style=\"font-weight: 400;\"><strong>A stake pool is a fully synchronised Cardano node which represents the collection of ADA staked by a group of individuals.<\/strong> Anyone can participate in an existing stake pool or run their one. Stake pools are needed, as they increase the chance of being selected for signing a block, as they allow a bigger amount of ADA to be staked. Usually a community of delegators \u2014 actors, delegating to the pool \u2014 is naturally formed, being united by the same brand.<\/span><\/p><p>[\/et_pb_text][\/et_pb_column][\/et_pb_row][\/et_pb_section]<\/p>","_et_gb_content_width":""},"yoast_head":"<!-- This site is optimized with the Yoast SEO plugin v17.3 - https:\/\/yoast.com\/wordpress\/plugins\/seo\/ -->\n<title>Nodo Cardano: tutto quello che c&#039;\u00e8 da sapere | CNFT Academy<\/title>\n<meta name=\"description\" content=\"Scopri insieme a CNFT Academy il mondo del Nodo Cardano: tante informazioni e novit\u00e0 per rimanere aggiornato\" \/>\n<meta name=\"robots\" content=\"index, follow, max-snippet:-1, max-image-preview:large, max-video-preview:-1\" \/>\n<link rel=\"canonical\" href=\"https:\/\/cnftacademy.com\/it\/faq\/\" \/>\n<meta property=\"og:locale\" content=\"it_IT\" \/>\n<meta property=\"og:type\" content=\"article\" \/>\n<meta property=\"og:title\" content=\"Nodo Cardano: tutto quello che c&#039;\u00e8 da sapere | CNFT Academy\" \/>\n<meta property=\"og:description\" content=\"Scopri insieme a CNFT Academy il mondo del Nodo Cardano: tante informazioni e novit\u00e0 per rimanere aggiornato\" \/>\n<meta property=\"og:url\" content=\"https:\/\/cnftacademy.com\/it\/faq\/\" \/>\n<meta property=\"og:site_name\" content=\"Cnftacademy\" \/>\n<meta property=\"article:modified_time\" content=\"2022-03-21T09:29:22+00:00\" \/>\n<meta property=\"og:image\" content=\"https:\/\/cnftacademy.com\/wp-content\/uploads\/2021\/10\/sfondo-cnftacademy.jpg\" \/>\n\t<meta property=\"og:image:width\" content=\"1920\" \/>\n\t<meta property=\"og:image:height\" content=\"1080\" \/>\n<meta name=\"twitter:card\" content=\"summary_large_image\" \/>\n<meta name=\"twitter:site\" content=\"@cnftacademy\" \/>\n<meta name=\"twitter:label1\" content=\"Tempo di lettura stimato\" \/>\n\t<meta name=\"twitter:data1\" content=\"3 minuti\" \/>\n<script type=\"application\/ld+json\" class=\"yoast-schema-graph\">{\"@context\":\"https:\/\/schema.org\",\"@graph\":[{\"@type\":\"Organization\",\"@id\":\"https:\/\/cnftacademy.com\/#organization\",\"name\":\"Cnft Academy\",\"url\":\"https:\/\/cnftacademy.com\/\",\"sameAs\":[\"https:\/\/twitter.com\/cnftacademy\"],\"logo\":{\"@type\":\"ImageObject\",\"@id\":\"https:\/\/cnftacademy.com\/#logo\",\"inLanguage\":\"it-IT\",\"url\":\"https:\/\/cnftacademy.com\/wp-content\/uploads\/2021\/10\/logo-cnftacademy.png\",\"contentUrl\":\"https:\/\/cnftacademy.com\/wp-content\/uploads\/2021\/10\/logo-cnftacademy.png\",\"width\":780,\"height\":140,\"caption\":\"Cnft Academy\"},\"image\":{\"@id\":\"https:\/\/cnftacademy.com\/#logo\"}},{\"@type\":\"WebSite\",\"@id\":\"https:\/\/cnftacademy.com\/#website\",\"url\":\"https:\/\/cnftacademy.com\/\",\"name\":\"Cnftacademy\",\"description\":\"find out how to create nft\",\"publisher\":{\"@id\":\"https:\/\/cnftacademy.com\/#organization\"},\"potentialAction\":[{\"@type\":\"SearchAction\",\"target\":{\"@type\":\"EntryPoint\",\"urlTemplate\":\"https:\/\/cnftacademy.com\/?s={search_term_string}\"},\"query-input\":\"required name=search_term_string\"}],\"inLanguage\":\"it-IT\"},{\"@type\":\"WebPage\",\"@id\":\"https:\/\/cnftacademy.com\/it\/faq\/#webpage\",\"url\":\"https:\/\/cnftacademy.com\/it\/faq\/\",\"name\":\"Nodo Cardano: tutto quello che c'\\u00e8 da sapere | CNFT Academy\",\"isPartOf\":{\"@id\":\"https:\/\/cnftacademy.com\/#website\"},\"datePublished\":\"2021-11-18T08:52:17+00:00\",\"dateModified\":\"2022-03-21T09:29:22+00:00\",\"description\":\"Scopri insieme a CNFT Academy il mondo del Nodo Cardano: tante informazioni e novit\\u00e0 per rimanere aggiornato\",\"breadcrumb\":{\"@id\":\"https:\/\/cnftacademy.com\/it\/faq\/#breadcrumb\"},\"inLanguage\":\"it-IT\",\"potentialAction\":[{\"@type\":\"ReadAction\",\"target\":[\"https:\/\/cnftacademy.com\/it\/faq\/\"]}]},{\"@type\":\"BreadcrumbList\",\"@id\":\"https:\/\/cnftacademy.com\/it\/faq\/#breadcrumb\",\"itemListElement\":[{\"@type\":\"ListItem\",\"position\":1,\"name\":\"Home\",\"item\":\"https:\/\/cnftacademy.com\/it\/\"},{\"@type\":\"ListItem\",\"position\":2,\"name\":\"Faq\"}]}]}<\/script>\n<!-- \/ Yoast SEO plugin. -->","yoast_head_json":{"title":"Nodo Cardano: tutto quello che c'\u00e8 da sapere | CNFT Academy","description":"Scopri insieme a CNFT Academy il mondo del Nodo Cardano: tante informazioni e novit\u00e0 per rimanere aggiornato","robots":{"index":"index","follow":"follow","max-snippet":"max-snippet:-1","max-image-preview":"max-image-preview:large","max-video-preview":"max-video-preview:-1"},"canonical":"https:\/\/cnftacademy.com\/it\/faq\/","og_locale":"it_IT","og_type":"article","og_title":"Nodo Cardano: tutto quello che c'\u00e8 da sapere | CNFT Academy","og_description":"Scopri insieme a CNFT Academy il mondo del Nodo Cardano: tante informazioni e novit\u00e0 per rimanere aggiornato","og_url":"https:\/\/cnftacademy.com\/it\/faq\/","og_site_name":"Cnftacademy","article_modified_time":"2022-03-21T09:29:22+00:00","og_image":[{"width":1920,"height":1080,"url":"https:\/\/cnftacademy.com\/wp-content\/uploads\/2021\/10\/sfondo-cnftacademy.jpg","type":"image\/jpeg"}],"twitter_card":"summary_large_image","twitter_site":"@cnftacademy","twitter_misc":{"Tempo di lettura stimato":"3 minuti"},"schema":{"@context":"https:\/\/schema.org","@graph":[{"@type":"Organization","@id":"https:\/\/cnftacademy.com\/#organization","name":"Cnft Academy","url":"https:\/\/cnftacademy.com\/","sameAs":["https:\/\/twitter.com\/cnftacademy"],"logo":{"@type":"ImageObject","@id":"https:\/\/cnftacademy.com\/#logo","inLanguage":"it-IT","url":"https:\/\/cnftacademy.com\/wp-content\/uploads\/2021\/10\/logo-cnftacademy.png","contentUrl":"https:\/\/cnftacademy.com\/wp-content\/uploads\/2021\/10\/logo-cnftacademy.png","width":780,"height":140,"caption":"Cnft Academy"},"image":{"@id":"https:\/\/cnftacademy.com\/#logo"}},{"@type":"WebSite","@id":"https:\/\/cnftacademy.com\/#website","url":"https:\/\/cnftacademy.com\/","name":"Cnftacademy","description":"find out how to create nft","publisher":{"@id":"https:\/\/cnftacademy.com\/#organization"},"potentialAction":[{"@type":"SearchAction","target":{"@type":"EntryPoint","urlTemplate":"https:\/\/cnftacademy.com\/?s={search_term_string}"},"query-input":"required name=search_term_string"}],"inLanguage":"it-IT"},{"@type":"WebPage","@id":"https:\/\/cnftacademy.com\/it\/faq\/#webpage","url":"https:\/\/cnftacademy.com\/it\/faq\/","name":"Nodo Cardano: tutto quello che c'\u00e8 da sapere | CNFT Academy","isPartOf":{"@id":"https:\/\/cnftacademy.com\/#website"},"datePublished":"2021-11-18T08:52:17+00:00","dateModified":"2022-03-21T09:29:22+00:00","description":"Scopri insieme a CNFT Academy il mondo del Nodo Cardano: tante informazioni e novit\u00e0 per rimanere aggiornato","breadcrumb":{"@id":"https:\/\/cnftacademy.com\/it\/faq\/#breadcrumb"},"inLanguage":"it-IT","potentialAction":[{"@type":"ReadAction","target":["https:\/\/cnftacademy.com\/it\/faq\/"]}]},{"@type":"BreadcrumbList","@id":"https:\/\/cnftacademy.com\/it\/faq\/#breadcrumb","itemListElement":[{"@type":"ListItem","position":1,"name":"Home","item":"https:\/\/cnftacademy.com\/it\/"},{"@type":"ListItem","position":2,"name":"Faq"}]}]}},"_links":{"self":[{"href":"https:\/\/cnftacademy.com\/it\/wp-json\/wp\/v2\/pages\/473"}],"collection":[{"href":"https:\/\/cnftacademy.com\/it\/wp-json\/wp\/v2\/pages"}],"about":[{"href":"https:\/\/cnftacademy.com\/it\/wp-json\/wp\/v2\/types\/page"}],"author":[{"embeddable":true,"href":"https:\/\/cnftacademy.com\/it\/wp-json\/wp\/v2\/users\/1"}],"replies":[{"embeddable":true,"href":"https:\/\/cnftacademy.com\/it\/wp-json\/wp\/v2\/comments?post=473"}],"version-history":[{"count":3,"href":"https:\/\/cnftacademy.com\/it\/wp-json\/wp\/v2\/pages\/473\/revisions"}],"predecessor-version":[{"id":481,"href":"https:\/\/cnftacademy.com\/it\/wp-json\/wp\/v2\/pages\/473\/revisions\/481"}],"wp:attachment":[{"href":"https:\/\/cnftacademy.com\/it\/wp-json\/wp\/v2\/media?parent=473"}],"curies":[{"name":"wp","href":"https:\/\/api.w.org\/{rel}","templated":true}]}}